{"id":245,"date":"2026-03-16T09:28:00","date_gmt":"2026-03-16T09:28:00","guid":{"rendered":"https:\/\/korrektmpartner.hu\/?page_id=245"},"modified":"2026-03-16T09:31:35","modified_gmt":"2026-03-16T09:31:35","slug":"szechenyi-terv-plusz","status":"publish","type":"page","link":"https:\/\/korrektmpartner.hu\/index.php\/szechenyi-terv-plusz\/","title":{"rendered":"Sz\u00e9chenyi Terv Plusz"},"content":{"rendered":"<p>[et_pb_section fb_built=&#8221;1&#8243; theme_builder_area=&#8221;post_content&#8221; _builder_version=&#8221;4.27.5&#8243; _module_preset=&#8221;default&#8221;][et_pb_row _builder_version=&#8221;4.27.5&#8243; _module_preset=&#8221;default&#8221; theme_builder_area=&#8221;post_content&#8221;][et_pb_column _builder_version=&#8221;4.27.5&#8243; _module_preset=&#8221;default&#8221; type=&#8221;4_4&#8243; theme_builder_area=&#8221;post_content&#8221;][et_pb_image src=&#8221;https:\/\/korrektmpartner.hu\/wp-content\/uploads\/2026\/03\/kedvezmenyezetti-infoblokk-1024&#215;265-1.jpg&#8221; _builder_version=&#8221;4.27.5&#8243; _module_preset=&#8221;default&#8221; theme_builder_area=&#8221;post_content&#8221; title_text=&#8221;kedvezmenyezetti-infoblokk-1024&#215;265-1&#8243; hover_enabled=&#8221;0&#8243; sticky_enabled=&#8221;0&#8243;][\/et_pb_image][\/et_pb_column][\/et_pb_row][et_pb_row _builder_version=&#8221;4.27.5&#8243; _module_preset=&#8221;default&#8221; theme_builder_area=&#8221;post_content&#8221;][et_pb_column _builder_version=&#8221;4.27.5&#8243; _module_preset=&#8221;default&#8221; type=&#8221;4_4&#8243; theme_builder_area=&#8221;post_content&#8221;][et_pb_text _builder_version=&#8221;4.27.5&#8243; _module_preset=&#8221;default&#8221; theme_builder_area=&#8221;post_content&#8221; hover_enabled=&#8221;0&#8243; sticky_enabled=&#8221;0&#8243;]<\/p>\n<p><strong>Kedvezm\u00e9nyezett neve :<\/strong> Korrekt Marketing Partner Korl\u00e1tolt Felel\u0151ss\u00e9g\u0171 T\u00e1rsas\u00e1g<br \/><strong>Fejleszt\u00e9s t\u00e1rgya:<\/strong> KKV-k n\u00f6veked\u00e9si lehet\u0151s\u00e9geinek t\u00e1mogat\u00e1sa a digit\u00e1lis infrastrukt\u00fara \u00e9s transzform\u00e1ci\u00f3 el\u0151seg\u00edt\u00e9s\u00e9re<br \/><strong>T\u00e1mogat\u00e1si \u00f6sszeg:<\/strong> 4 920 737,- Ft<br \/><strong>Projekt kezd\u00e9s d\u00e1tuma:<\/strong> 2025.07.01.<\/p>\n<p><strong>Projekt r\u00e9szletes bemutat\u00e1sa:<\/strong><br \/>A megn\u00f6vekedett \u00fcgyf\u00e9l\u00e1llom\u00e1ny \u00e9s vev\u0151i k\u00f6r miatt, sz\u00fcks\u00e9gess\u00e9 v\u00e1lt egy alapszint\u0171 felh\u0151alap\u00fa sz\u00e1m\u00edt\u00e1stechnikai szolg\u00e1ltat\u00e1sok bevezet\u00e9se &#8211; \u00edgy k\u00fcl\u00f6n\u00f6sk\u00e9ppen a mail szolg\u00e1ltat\u00e1sok felh\u0151 alap\u00fav\u00e1 alak\u00edt\u00e1sa, valamint az infrastrukt\u00fara \u00e9s kapacit\u00e1sszolg\u00e1ltat\u00e1sok ter\u00e9n.<br \/>Az alapszint\u0171 felh\u0151alap\u00fa sz\u00e1m\u00edt\u00e1stechnikai szolg\u00e1ltat\u00e1sok olyan informatikai megold\u00e1sokat<br \/>k\u00edn\u00e1lnak, amelyek alapvet\u0151 infrastrukt\u00far\u00e1t \u00e9s eszk\u00f6z\u00f6ket biztos\u00edtanak \u00fcgyfeleink sz\u00e1m\u00e1ra a<br \/>mindennapi \u00fczleti folyamatok digit\u00e1lis t\u00e1mogat\u00e1s\u00e1ra \u00e9s hat\u00e9kony m\u0171k\u00f6d\u00e9s\u00e9nek biztos\u00edt\u00e1s\u00e1ra.<br \/>Ezek a szolg\u00e1ltat\u00e1sok lehet\u0151v\u00e9 teszik a v\u00e1llalkoz\u00e1sok sz\u00e1m\u00e1ra, hogy rugalmasan \u00e9s<br \/>k\u00f6lts\u00e9ghat\u00e9konyan haszn\u00e1lj\u00e1k az informatikai er\u0151forr\u00e1sokat, an\u00e9lk\u00fcl, hogy jelent\u0151s<br \/>beruh\u00e1z\u00e1sokat kellene eszk\u00f6z\u00f6lni\u00fck saj\u00e1t hardvereszk\u00f6z\u00f6kbe.<br \/><strong>Szolg\u00e1ltat\u00e1saink ismertet\u00e9se<\/strong><br \/>1. V\u00e1llalati domain regisztr\u00e1ci\u00f3ja \u00e9s \u00fczemeltet\u00e9se<br \/>A v\u00e1llalati domain n\u00e9v regisztr\u00e1ci\u00f3ja \u00e9s \u00fczemeltet\u00e9se elengedhetetlen ahhoz, hogy egy c\u00e9g<br \/>online jelenl\u00e9ttel rendelkezzen.<br \/>\u2022 Domain n\u00e9v kiv\u00e1laszt\u00e1sa \u00e9s regisztr\u00e1ci\u00f3ja<br \/>\u2022 DNS be\u00e1ll\u00edt\u00e1sok konfigur\u00e1l\u00e1sa<br \/>\u2022 Folyamatos domain fenntart\u00e1s \u00e9s meg\u00faj\u00edt\u00e1s<br \/>\u2022 Biztons\u00e1gi be\u00e1ll\u00edt\u00e1sok implement\u00e1l\u00e1sa<br \/>2. V\u00e1llalati e-mail szolg\u00e1ltat\u00e1s<br \/>A v\u00e1llalati e-mail szolg\u00e1ltat\u00e1s biztos\u00edtja a professzion\u00e1lis \u00fczleti kommunik\u00e1ci\u00f3 alapjait<br \/>\u2022 Egyedi v\u00e1llalati e-mail c\u00edmek<br \/>\u2022 Fejlett spamsz\u0171r\u0151 \u00e9s v\u00edrusv\u00e9delem<br \/>\u2022 Webmail hozz\u00e1f\u00e9r\u00e9s<br \/>\u2022 IMAP \u00e9s POP3 t\u00e1mogat\u00e1s<br \/>\u2022 Automatikus v\u00e1laszok \u00e9s tov\u00e1bb\u00edt\u00e1si be\u00e1ll\u00edt\u00e1sok<br \/>\u2022 Biztons\u00e1gos kommunik\u00e1ci\u00f3<\/p>\n<p>[\/et_pb_text][\/et_pb_column][\/et_pb_row][\/et_pb_section]<\/p>\n","protected":false},"excerpt":{"rendered":"<p>Kedvezm\u00e9nyezett neve : Korrekt Marketing Partner Korl\u00e1tolt Felel\u0151ss\u00e9g\u0171 T\u00e1rsas\u00e1gFejleszt\u00e9s t\u00e1rgya: KKV-k n\u00f6veked\u00e9si lehet\u0151s\u00e9geinek t\u00e1mogat\u00e1sa a digit\u00e1lis infrastrukt\u00fara \u00e9s transzform\u00e1ci\u00f3 el\u0151seg\u00edt\u00e9s\u00e9reT\u00e1mogat\u00e1si \u00f6sszeg: 4 920 737,- FtProjekt kezd\u00e9s d\u00e1tuma: 2025.07.01. Projekt r\u00e9szletes bemutat\u00e1sa:A megn\u00f6vekedett \u00fcgyf\u00e9l\u00e1llom\u00e1ny \u00e9s vev\u0151i k\u00f6r miatt, sz\u00fcks\u00e9gess\u00e9 v\u00e1lt egy alapszint\u0171 felh\u0151alap\u00fa sz\u00e1m\u00edt\u00e1stechnikai szolg\u00e1ltat\u00e1sok bevezet\u00e9se &#8211; \u00edgy k\u00fcl\u00f6n\u00f6sk\u00e9ppen a mail szolg\u00e1ltat\u00e1sok felh\u0151 alap\u00fav\u00e1 alak\u00edt\u00e1sa, valamint [&hellip;]<\/p>\n","protected":false},"author":1,"featured_media":0,"parent":0,"menu_order":0,"comment_status":"closed","ping_status":"closed","template":"","meta":{"_et_pb_use_builder":"on","_et_pb_old_content":"","_et_gb_content_width":"","footnotes":""},"class_list":["post-245","page","type-page","status-publish","hentry"],"_links":{"self":[{"href":"https:\/\/korrektmpartner.hu\/index.php\/wp-json\/wp\/v2\/pages\/245","targetHints":{"allow":["GET"]}}],"collection":[{"href":"https:\/\/korrektmpartner.hu\/index.php\/wp-json\/wp\/v2\/pages"}],"about":[{"href":"https:\/\/korrektmpartner.hu\/index.php\/wp-json\/wp\/v2\/types\/page"}],"author":[{"embeddable":true,"href":"https:\/\/korrektmpartner.hu\/index.php\/wp-json\/wp\/v2\/users\/1"}],"replies":[{"embeddable":true,"href":"https:\/\/korrektmpartner.hu\/index.php\/wp-json\/wp\/v2\/comments?post=245"}],"version-history":[{"count":3,"href":"https:\/\/korrektmpartner.hu\/index.php\/wp-json\/wp\/v2\/pages\/245\/revisions"}],"predecessor-version":[{"id":249,"href":"https:\/\/korrektmpartner.hu\/index.php\/wp-json\/wp\/v2\/pages\/245\/revisions\/249"}],"wp:attachment":[{"href":"https:\/\/korrektmpartner.hu\/index.php\/wp-json\/wp\/v2\/media?parent=245"}],"curies":[{"name":"wp","href":"https:\/\/api.w.org\/{rel}","templated":true}]}}